{"id":292,"date":"2023-11-08T00:50:22","date_gmt":"2023-11-07T23:50:22","guid":{"rendered":"https:\/\/granellodisenapecatania.it\/?page_id=292"},"modified":"2023-11-09T09:53:30","modified_gmt":"2023-11-09T08:53:30","slug":"die-bewohner-haben-das-wort","status":"publish","type":"page","link":"https:\/\/granellodisenapecatania.it\/de\/die-bewohner-haben-das-wort\/","title":{"rendered":"Die Bewohner haben das Wort"},"content":{"rendered":"<p><div class=\"fusion-fullwidth fullwidth-box fusion-builder-row-1 fusion-flex-container nonhundred-percent-fullwidth non-hundred-percent-height-scrolling\" style=\"background-color: #6192c8;background-position: center center;background-repeat: no-repeat;border-width: 0px 0px 0px 0px;border-color:#e2e2e2;border-style:solid;\" ><div class=\"fusion-builder-row fusion-row fusion-flex-align-items-center\" style=\"max-width:1248px;margin-left: calc(-4% \/ 2 );margin-right: calc(-4% \/ 2 );\"><div class=\"fusion-layout-column fusion_builder_column fusion-builder-column-0 fusion_builder_column_1_1 1_1 fusion-flex-column\"><div class=\"fusion-column-wrapper fusion-flex-justify-content-flex-start fusion-content-layout-column\" style=\"background-position:left top;background-repeat:no-repeat;-webkit-background-size:cover;-moz-background-size:cover;-o-background-size:cover;background-size:cover;padding: 0px 0px 0px 0px;\"><style type=\"text\/css\">@media only screen and (max-width:1024px) {.fusion-title.fusion-title-1{margin-top:10px!important;margin-bottom:15px!important;}}@media only screen and (max-width:640px) {.fusion-title.fusion-title-1{margin-top:10px!important;margin-bottom:10px!important;}}<\/style><div class=\"fusion-title title fusion-title-1 fusion-no-medium-visibility fusion-no-large-visibility fusion-sep-none fusion-title-text fusion-title-size-two\" style=\"font-size:25px;margin-top:10px;margin-bottom:15px;\"><h2 class=\"title-heading-left\" style=\"margin:0;font-size:1em;color:#ffffff;\">Die Bewohner haben das Wort<\/h2><\/div><style type=\"text\/css\">@media only screen and (max-width:1024px) {.fusion-title.fusion-title-2{margin-top:10px!important;margin-bottom:15px!important;}}@media only screen and (max-width:640px) {.fusion-title.fusion-title-2{margin-top:10px!important;margin-bottom:10px!important;}}<\/style><div class=\"fusion-title title fusion-title-2 fusion-no-small-visibility fusion-sep-none fusion-title-text fusion-title-size-two\" style=\"margin-top:10px;margin-bottom:15px;\"><h2 class=\"title-heading-left\" style=\"margin:0;color:#ffffff;\">Die Bewohner haben das Wort<\/h2><\/div><\/div><\/div><style type=\"text\/css\">.fusion-body .fusion-builder-column-0{width:100% !important;margin-top : 0px;margin-bottom : 0px;}.fusion-builder-column-0 > .fusion-column-wrapper {padding-top : 0px !important;padding-right : 0px !important;margin-right : 1.92%;padding-bottom : 0px !important;padding-left : 0px !important;margin-left : 1.92%;}@media only screen and (max-width:1024px) {.fusion-body .fusion-builder-column-0{width:100% !important;order : 0;}.fusion-builder-column-0 > .fusion-column-wrapper {margin-right : 1.92%;margin-left : 1.92%;}}@media only screen and (max-width:640px) {.fusion-body .fusion-builder-column-0{width:100% !important;order : 0;}.fusion-builder-column-0 > .fusion-column-wrapper {margin-right : 1.92%;margin-left : 1.92%;}}<\/style><\/div><style type=\"text\/css\">.fusion-body .fusion-flex-container.fusion-builder-row-1{ padding-top : 1%;margin-top : 0px;padding-right : 0px;padding-bottom : 1%;margin-bottom : 0px;padding-left : 0px;}<\/style><\/div><div class=\"fusion-fullwidth fullwidth-box fusion-builder-row-2 fusion-flex-container nonhundred-percent-fullwidth non-hundred-percent-height-scrolling\" style=\"background-color: rgba(255,255,255,0);background-image:linear-gradient(180deg, #f9f9f9 0%,#ffffff 100%);background-position: center center;background-repeat: no-repeat;border-width: 0px 0px 0px 0px;border-color:#e2e2e2;border-style:solid;\" ><div class=\"fusion-builder-row fusion-row fusion-flex-align-items-flex-start\" style=\"max-width:1248px;margin-left: calc(-4% \/ 2 );margin-right: calc(-4% \/ 2 );\"><div class=\"fusion-layout-column fusion_builder_column fusion-builder-column-1 fusion_builder_column_1_2 1_2 fusion-flex-column\"><div class=\"fusion-column-wrapper fusion-flex-justify-content-flex-start fusion-content-layout-column\" style=\"background-position:left top;background-repeat:no-repeat;-webkit-background-size:cover;-moz-background-size:cover;-o-background-size:cover;background-size:cover;padding: 0px 0px 0px 0px;\"><div ><div class=\"fusion-image-frame-bottomshadow image-frame-shadow-1\"><style>.element-bottomshadow.imageframe-1:before, .element-bottomshadow.imageframe-1:after{-webkit-box-shadow: 0 17px 10px rgba(0,0,0,0.4);box-shadow: 0 17px 10px rgba(0,0,0,0.4);}<\/style><span class=\" fusion-imageframe imageframe-bottomshadow imageframe-1 element-bottomshadow hover-type-none\"><img decoding=\"async\" width=\"2272\" height=\"1520\" title=\"2 sfocato\" src=\"https:\/\/granellodisenapecatania.it\/wp-content\/uploads\/2023\/11\/2-sfocato.jpg\" class=\"img-responsive wp-image-221\" srcset=\"https:\/\/granellodisenapecatania.it\/wp-content\/uploads\/2023\/11\/2-sfocato-200x134.jpg 200w, https:\/\/granellodisenapecatania.it\/wp-content\/uploads\/2023\/11\/2-sfocato-400x268.jpg 400w, https:\/\/granellodisenapecatania.it\/wp-content\/uploads\/2023\/11\/2-sfocato-600x401.jpg 600w, https:\/\/granellodisenapecatania.it\/wp-content\/uploads\/2023\/11\/2-sfocato-800x535.jpg 800w, https:\/\/granellodisenapecatania.it\/wp-content\/uploads\/2023\/11\/2-sfocato-1200x803.jpg 1200w, https:\/\/granellodisenapecatania.it\/wp-content\/uploads\/2023\/11\/2-sfocato.jpg 2272w\" sizes=\"(max-width: 640px) 100vw, 600px\" \/><\/span><\/div><\/div><\/div><\/div><style type=\"text\/css\">.fusion-body .fusion-builder-column-1{width:50% !important;margin-top : 0px;margin-bottom : 20px;}.fusion-builder-column-1 > .fusion-column-wrapper {padding-top : 0px !important;padding-right : 0px !important;margin-right : 3.84%;padding-bottom : 0px !important;padding-left : 0px !important;margin-left : 3.84%;}@media only screen and (max-width:1024px) {.fusion-body .fusion-builder-column-1{width:50% !important;order : 0;}.fusion-builder-column-1 > .fusion-column-wrapper {margin-right : 3.84%;margin-left : 3.84%;}}@media only screen and (max-width:640px) {.fusion-body .fusion-builder-column-1{width:100% !important;order : 0;}.fusion-builder-column-1 > .fusion-column-wrapper {margin-right : 1.92%;margin-left : 1.92%;}}<\/style><div class=\"fusion-layout-column fusion_builder_column fusion-builder-column-2 fusion_builder_column_1_2 1_2 fusion-flex-column\"><div class=\"fusion-column-wrapper fusion-flex-justify-content-flex-start fusion-content-layout-column\" style=\"background-position:left top;background-repeat:no-repeat;-webkit-background-size:cover;-moz-background-size:cover;-o-background-size:cover;background-size:cover;padding: 0px 0px 0px 0px;\"><div class=\"fusion-text fusion-text-1\" style=\"transform:translate3d(0,0,0);\"><p><b>O.<\/b> &#8222;Ich habe Guinea im Alter von 15 Jahren verlassen, auf der Suche nach einem besseren Leben. Mein Vater war nicht mehr da, und ich wusste nicht, was ich mit meinem Leben anfangen sollte. Es dauerte etwa zwei Jahre, bis ich in Libyen ankam. Das waren schwierige, schreckliche Jahre, mir tut es immer noch weh, wenn ich daran denke. Schlie\u00dflich, im Jahr 2016, bin ich auf ein Boot gekommen und die Fahrt \u00fcber das Mittelmeer war schrecklich, nur schwer zu beschreiben. Ich kam in Pozzallo an. Ich hatte Gl\u00fcck, denn ich erhielt relativ schnell eine Aufenthaltserlaubnis, aber mit den neuen Gesetzen hatte ich Schwierigkeiten, Arbeit zu finden.&#8220;<\/p>\n<p><b><br \/>\nF.<\/b> &#8222;Ich habe Mali wegen des Krieges verlassen. Ich durchquerte die W\u00fcste, um nach Libyen zu gelangen, wo ich sechs Monate lang gefangen gehalten wurde. Man zwang mich zur Arbeit und folterte mich. Ein libyscher Arbeitgeber half mir bei meiner Flucht. In Catania habe ich ein Praktikum als Schwei\u00dfer gemacht. Mein Traum ist es, in Italien zu bleiben und in der Industrie als Schwei\u00dfer zu arbeiten.&#8220;<\/p>\n<p><b><br \/>\nA.<\/b>, urspr\u00fcnglich aus Mali, wuchs er in Libyen auf und wurde aufgrund des Krieges in seinem Heimatland (Mali) in Pflege genommen. Nachdem seine Pflegemutter im Alter von 17 Jahren verstorben war, wurde er unter Androhung von Gewalt aus dem Haus vertrieben.<br \/>\n&#8222;Ich wuchs bis ungef\u00e4hr zum 17. Lebensjahr in Libyen auf. Als mir bewu\u00dft wurde, da\u00df ich Gefahr lief get\u00f6tet oder gefoltert zu werden, entschied ich mich, nach Europa zu kommen. Die Reise war gef\u00e4hrlich, auf einem kleinen Schlauchboot bis nach Catania.<br \/>\nIch bin hier zur Schule gegangen und habe Kurse in der Betreuung von Senioren, Kindern und Menschen mit Behinderungen absolviert. Ich f\u00fchle mich bei Granello sehr wohl und zu Hause, es ist wie eine Familie f\u00fcr mich. Ich wende mich an meinen Betreuer, wenn ich medizinische oder finanzielle Unterst\u00fctzung f\u00fcr Dokumente, Kleidung oder andere Bed\u00fcrfnisse ben\u00f6tige.&#8220;<\/p>\n<\/div><\/div><\/div><style type=\"text\/css\">.fusion-body .fusion-builder-column-2{width:50% !important;margin-top : 0px;margin-bottom : 20px;}.fusion-builder-column-2 > .fusion-column-wrapper {padding-top : 0px !important;padding-right : 0px !important;margin-right : 3.84%;padding-bottom : 0px !important;padding-left : 0px !important;margin-left : 3.84%;}@media only screen and (max-width:1024px) {.fusion-body .fusion-builder-column-2{width:50% !important;order : 0;}.fusion-builder-column-2 > .fusion-column-wrapper {margin-right : 3.84%;margin-left : 3.84%;}}@media only screen and (max-width:640px) {.fusion-body .fusion-builder-column-2{width:100% !important;order : 0;}.fusion-builder-column-2 > .fusion-column-wrapper {margin-right : 1.92%;margin-left : 1.92%;}}<\/style><\/div><style type=\"text\/css\">.fusion-body .fusion-flex-container.fusion-builder-row-2{ padding-top : 2%;margin-top : 0px;padding-right : 0px;padding-bottom : 2%;margin-bottom : 0px;padding-left : 0px;}<\/style><\/div><div class=\"fusion-fullwidth fullwidth-box fusion-builder-row-3 fusion-flex-container nonhundred-percent-fullwidth non-hundred-percent-height-scrolling\" style=\"background-color: rgba(255,255,255,0);background-image:linear-gradient(0deg, #f9f9f9 0%,#ffffff 100%);background-position: center center;background-repeat: no-repeat;border-width: 0px 0px 0px 0px;border-color:#e2e2e2;border-style:solid;\" ><div class=\"fusion-builder-row fusion-row fusion-flex-align-items-flex-start\" style=\"max-width:1248px;margin-left: calc(-4% \/ 2 );margin-right: calc(-4% \/ 2 );\"><div class=\"fusion-layout-column fusion_builder_column fusion-builder-column-3 fusion_builder_column_1_2 1_2 fusion-flex-column\"><div class=\"fusion-column-wrapper fusion-flex-justify-content-flex-start fusion-content-layout-column\" style=\"background-position:left top;background-repeat:no-repeat;-webkit-background-size:cover;-moz-background-size:cover;-o-background-size:cover;background-size:cover;padding: 0px 0px 0px 0px;\"><div class=\"fusion-text fusion-text-2\" style=\"transform:translate3d(0,0,0);\"><p><b>C. <\/b>&#8222;Im Alter von 15 Jahren beschloss ich, mein Land (Gambia) auf der Suche nach Arbeit, Unabh\u00e4ngigkeit, Freiheit und Demokratie zu verlassen. Ich versuchte mehrmals, Libyen zu verlassen, aber Sch\u00e4den an den Booten und schlechtes Wetter zwangen mich zur Umkehr. Das letzte Mal wurden wir von einem libyschen Schiff abgefangen, das uns ins Gef\u00e4ngnis zur\u00fcckbrachte. Es gelang mir zu entkommen, w\u00e4hrend ich arbeitete. Ich versteckte mich, bis ich ein Schlauchboot besteigen konnte. Die italienische K\u00fcstenwache hat uns gerettet.<br \/>\nHier gehe ich zur Schule und arbeite dank des Projekts &#8218;Granello&#8216;. (In diesem Jahr &#8211; 2023\/24 &#8211; wird C. seinen Abschluss an einer Oberschule machen).&#8220;<\/p>\n<p><b><br \/>\nM.<\/b> &#8222;Ich habe Mali im Jahr 2015 aufgrund des Todes meines Vaters verlassen, auf der Suche nach Arbeit. Ich<br \/>\nging nach Algerien und arbeitete dort einige Monate. Ich hatte keinen sicheren Ort zum \u00dcbernachten, und mit anderen Jungs liefen wir Gefahr, angegriffen zu werden. Also beschlossen wir, nach Libyen zu gehen, wo wir in eine Art Gef\u00e4ngnis gebracht wurden. Morgens schickten sie uns zur Arbeit im Austausch f\u00fcr Essen und ein Bett. Mein Aufseher war ein libyscher Menschenschmuggler, und eines Tages wurden ich und einige Freunde gezwungen, in ein Schlauchboot zu steigen, um die Ladung zu vervollst\u00e4ndigen. Die Reise dauerte 3 Tage, und leider verloren zwei Menschen ihr Leben. Die italienische K\u00fcstenwache hat uns gerettet. Ich habe von &#8218;Granello&#8216; sehr viel Unterst\u00fctzung f\u00fcr meine Aufenthaltserlaubnis, meinen Reisepass und finanzieller Art bekommen. Das gab mir Ruhe. Wir Jungs sind wie eine gro\u00dfe Familie, organisiert mit Schichten zum Kochen, Einkaufen und Putzen.&#8220;<\/p>\n<p><b><br \/>\nMo.<\/b> &#8222;Ich habe mein Land wegen des Krieges verlassen und ging alleine, heimlich, nachdem mein Vater und mein Bruder ermordet wurden. Die Reise auf einem Schlauchboot war eine schreckliche Erfahrung, und ich hatte gro\u00dfe Angst. Ich hoffe, einen besseren Job zu finden, um meine Familie &#8211; meine Mutter, Schwester und Bruder &#8211; nach Italien zu holen. Ich m\u00f6chte in Italien bleiben.&#8220;<\/p>\n<p><b><br \/>\nS.<\/b> &#8222;Ich habe meine Familie verlassen; wir waren viele, und sie haben mich schlecht behandelt. Ich war 17 Jahre alt. Im Aufnahmezentrum f\u00fcr minderj\u00e4hrige Migranten in Catania habe ich meinen Abschlu\u00df der<br \/>\nMittelschule gemacht. Mit Granello di Senape habe ich einen Italienischkurs, organisiert von &#8218;Catania <span style=\"background-color: rgba(255, 255, 255, 0); color: var(--body_typography-color); font-family: var(--body_typography-font-family); font-size: var(--body_typography-font-size); font-style: var(--body_typography-font-style,normal); font-weight: var(--body_typography-font-weight); letter-spacing: var(--body_typography-letter-spacing);\">Insieme&#8216;, gemacht. Ich versuche, eine langfristige Aufenthaltserlaubnis zu erhalten und einen besser <\/span><span style=\"background-color: rgba(255, 255, 255, 0); color: var(--body_typography-color); font-family: var(--body_typography-font-family); font-size: var(--body_typography-font-size); font-style: var(--body_typography-font-style,normal); font-weight: var(--body_typography-font-weight); letter-spacing: var(--body_typography-letter-spacing);\">bezahlten Job zu finden, um meine Frau und Kinder hierher zu holen.&#8220;<\/span><\/p>\n<\/div><\/div><\/div><style type=\"text\/css\">.fusion-body .fusion-builder-column-3{width:50% !important;margin-top : 0px;margin-bottom : 20px;}.fusion-builder-column-3 > .fusion-column-wrapper {padding-top : 0px !important;padding-right : 0px !important;margin-right : 3.84%;padding-bottom : 0px !important;padding-left : 0px !important;margin-left : 3.84%;}@media only screen and (max-width:1024px) {.fusion-body .fusion-builder-column-3{width:50% !important;order : 0;}.fusion-builder-column-3 > .fusion-column-wrapper {margin-right : 3.84%;margin-left : 3.84%;}}@media only screen and (max-width:640px) {.fusion-body .fusion-builder-column-3{width:100% !important;order : 2;}.fusion-builder-column-3 > .fusion-column-wrapper {margin-right : 1.92%;margin-left : 1.92%;}}<\/style><div class=\"fusion-layout-column fusion_builder_column fusion-builder-column-4 fusion_builder_column_1_2 1_2 fusion-flex-column\"><div class=\"fusion-column-wrapper fusion-flex-justify-content-flex-start fusion-content-layout-column\" style=\"background-position:left top;background-repeat:no-repeat;-webkit-background-size:cover;-moz-background-size:cover;-o-background-size:cover;background-size:cover;padding: 0px 0px 0px 0px;\"><div ><div class=\"fusion-image-frame-bottomshadow image-frame-shadow-2\"><style>.element-bottomshadow.imageframe-2:before, .element-bottomshadow.imageframe-2:after{-webkit-box-shadow: 0 17px 10px rgba(0,0,0,0.4);box-shadow: 0 17px 10px rgba(0,0,0,0.4);}<\/style><span class=\" fusion-imageframe imageframe-bottomshadow imageframe-2 element-bottomshadow hover-type-none\"><img decoding=\"async\" width=\"711\" height=\"865\" title=\"3 ottobre 1sfocato\" src=\"https:\/\/granellodisenapecatania.it\/wp-content\/uploads\/2023\/11\/3-ottobre-1sfocato.jpg\" class=\"img-responsive wp-image-224\" srcset=\"https:\/\/granellodisenapecatania.it\/wp-content\/uploads\/2023\/11\/3-ottobre-1sfocato-200x243.jpg 200w, https:\/\/granellodisenapecatania.it\/wp-content\/uploads\/2023\/11\/3-ottobre-1sfocato-400x487.jpg 400w, https:\/\/granellodisenapecatania.it\/wp-content\/uploads\/2023\/11\/3-ottobre-1sfocato-600x730.jpg 600w, https:\/\/granellodisenapecatania.it\/wp-content\/uploads\/2023\/11\/3-ottobre-1sfocato.jpg 711w\" sizes=\"(max-width: 640px) 100vw, 600px\" \/><\/span><\/div><\/div><\/div><\/div><style type=\"text\/css\">.fusion-body .fusion-builder-column-4{width:50% !important;margin-top : 0px;margin-bottom : 20px;}.fusion-builder-column-4 > .fusion-column-wrapper {padding-top : 0px !important;padding-right : 0px !important;margin-right : 3.84%;padding-bottom : 0px !important;padding-left : 0px !important;margin-left : 3.84%;}@media only screen and (max-width:1024px) {.fusion-body .fusion-builder-column-4{width:50% !important;order : 0;}.fusion-builder-column-4 > .fusion-column-wrapper {margin-right : 3.84%;margin-left : 3.84%;}}@media only screen and (max-width:640px) {.fusion-body .fusion-builder-column-4{width:100% !important;order : 0;}.fusion-builder-column-4 > .fusion-column-wrapper {margin-right : 1.92%;margin-left : 1.92%;}}<\/style><\/div><style type=\"text\/css\">.fusion-body .fusion-flex-container.fusion-builder-row-3{ padding-top : 2%;margin-top : 0px;padding-right : 0px;padding-bottom : 2%;margin-bottom : 0px;padding-left : 0px;}<\/style><\/div><\/p>\n","protected":false},"excerpt":{"rendered":"","protected":false},"author":1,"featured_media":0,"parent":0,"menu_order":0,"comment_status":"closed","ping_status":"closed","template":"100-width.php","meta":{"footnotes":""},"class_list":["post-292","page","type-page","status-publish","hentry"],"aioseo_notices":[],"_links":{"self":[{"href":"https:\/\/granellodisenapecatania.it\/de\/wp-json\/wp\/v2\/pages\/292","targetHints":{"allow":["GET"]}}],"collection":[{"href":"https:\/\/granellodisenapecatania.it\/de\/wp-json\/wp\/v2\/pages"}],"about":[{"href":"https:\/\/granellodisenapecatania.it\/de\/wp-json\/wp\/v2\/types\/page"}],"author":[{"embeddable":true,"href":"https:\/\/granellodisenapecatania.it\/de\/wp-json\/wp\/v2\/users\/1"}],"replies":[{"embeddable":true,"href":"https:\/\/granellodisenapecatania.it\/de\/wp-json\/wp\/v2\/comments?post=292"}],"version-history":[{"count":3,"href":"https:\/\/granellodisenapecatania.it\/de\/wp-json\/wp\/v2\/pages\/292\/revisions"}],"predecessor-version":[{"id":358,"href":"https:\/\/granellodisenapecatania.it\/de\/wp-json\/wp\/v2\/pages\/292\/revisions\/358"}],"wp:attachment":[{"href":"https:\/\/granellodisenapecatania.it\/de\/wp-json\/wp\/v2\/media?parent=292"}],"curies":[{"name":"wp","href":"https:\/\/api.w.org\/{rel}","templated":true}]}}