{"id":307,"date":"2023-09-06T00:45:36","date_gmt":"2023-09-05T22:45:36","guid":{"rendered":"https:\/\/granellodisenapecatania.it\/?page_id=307"},"modified":"2025-01-19T13:53:26","modified_gmt":"2025-01-19T12:53:26","slug":"entstehung-des-senfkornprojekts","status":"publish","type":"page","link":"https:\/\/granellodisenapecatania.it\/de\/entstehung-des-senfkornprojekts\/","title":{"rendered":"Entstehung des Senfkornprojekts"},"content":{"rendered":"<p><div class=\"fusion-fullwidth fullwidth-box fusion-builder-row-1 fusion-flex-container nonhundred-percent-fullwidth non-hundred-percent-height-scrolling\" style=\"background-color: #6192c8;background-position: center center;background-repeat: no-repeat;border-width: 0px 0px 0px 0px;border-color:#e2e2e2;border-style:solid;\" ><div class=\"fusion-builder-row fusion-row fusion-flex-align-items-center\" style=\"max-width:1248px;margin-left: calc(-4% \/ 2 );margin-right: calc(-4% \/ 2 );\"><div class=\"fusion-layout-column fusion_builder_column fusion-builder-column-0 fusion_builder_column_1_1 1_1 fusion-flex-column\"><div class=\"fusion-column-wrapper fusion-flex-justify-content-flex-start fusion-content-layout-column\" style=\"background-position:left top;background-repeat:no-repeat;-webkit-background-size:cover;-moz-background-size:cover;-o-background-size:cover;background-size:cover;padding: 0px 0px 0px 0px;\"><style type=\"text\/css\">@media only screen and (max-width:1024px) {.fusion-title.fusion-title-1{margin-top:10px!important;margin-bottom:15px!important;}}@media only screen and (max-width:640px) {.fusion-title.fusion-title-1{margin-top:10px!important;margin-bottom:10px!important;}}<\/style><div class=\"fusion-title title fusion-title-1 fusion-no-medium-visibility fusion-no-large-visibility fusion-sep-none fusion-title-text fusion-title-size-two\" style=\"font-size:25px;margin-top:10px;margin-bottom:15px;\"><h2 class=\"title-heading-left\" style=\"margin:0;font-size:1em;color:#ffffff;\"><strong>Contesto e nascita di \u201cGranello di Senape\u201d<\/strong><\/h2><\/div><style type=\"text\/css\">@media only screen and (max-width:1024px) {.fusion-title.fusion-title-2{margin-top:10px!important;margin-bottom:15px!important;}}@media only screen and (max-width:640px) {.fusion-title.fusion-title-2{margin-top:10px!important;margin-bottom:10px!important;}}<\/style><div class=\"fusion-title title fusion-title-2 fusion-no-small-visibility fusion-sep-none fusion-title-text fusion-title-size-two\" style=\"margin-top:10px;margin-bottom:15px;\"><h2 class=\"title-heading-left\" style=\"margin:0;color:#ffffff;\">Entstehung des Senfkornprojekts<\/h2><\/div><\/div><\/div><style type=\"text\/css\">.fusion-body .fusion-builder-column-0{width:100% !important;margin-top : 0px;margin-bottom : 0px;}.fusion-builder-column-0 > .fusion-column-wrapper {padding-top : 0px !important;padding-right : 0px !important;margin-right : 1.92%;padding-bottom : 0px !important;padding-left : 0px !important;margin-left : 1.92%;}@media only screen and (max-width:1024px) {.fusion-body .fusion-builder-column-0{width:100% !important;order : 0;}.fusion-builder-column-0 > .fusion-column-wrapper {margin-right : 1.92%;margin-left : 1.92%;}}@media only screen and (max-width:640px) {.fusion-body .fusion-builder-column-0{width:100% !important;order : 0;}.fusion-builder-column-0 > .fusion-column-wrapper {margin-right : 1.92%;margin-left : 1.92%;}}<\/style><\/div><style type=\"text\/css\">.fusion-body .fusion-flex-container.fusion-builder-row-1{ padding-top : 1%;margin-top : 0px;padding-right : 0px;padding-bottom : 1%;margin-bottom : 0px;padding-left : 0px;}<\/style><\/div><div class=\"fusion-fullwidth fullwidth-box fusion-builder-row-2 fusion-flex-container nonhundred-percent-fullwidth non-hundred-percent-height-scrolling\" style=\"background-color: rgba(255,255,255,0);background-image:linear-gradient(180deg, #f9f9f9 0%,#ffffff 100%);background-position: center center;background-repeat: no-repeat;border-width: 0px 0px 0px 0px;border-color:#e2e2e2;border-style:solid;\" ><div class=\"fusion-builder-row fusion-row fusion-flex-align-items-flex-start\" style=\"max-width:1248px;margin-left: calc(-4% \/ 2 );margin-right: calc(-4% \/ 2 );\"><div class=\"fusion-layout-column fusion_builder_column fusion-builder-column-1 fusion_builder_column_1_2 1_2 fusion-flex-column\"><div class=\"fusion-column-wrapper fusion-flex-justify-content-flex-start fusion-content-layout-column\" style=\"background-position:left top;background-repeat:no-repeat;-webkit-background-size:cover;-moz-background-size:cover;-o-background-size:cover;background-size:cover;padding: 0px 0px 0px 0px;\"><div ><div class=\"fusion-image-frame-bottomshadow image-frame-shadow-1\"><style>.element-bottomshadow.imageframe-1:before, .element-bottomshadow.imageframe-1:after{-webkit-box-shadow: 0 17px 10px rgba(0,0,0,0.4);box-shadow: 0 17px 10px rgba(0,0,0,0.4);}<\/style><span class=\" fusion-imageframe imageframe-bottomshadow imageframe-1 element-bottomshadow hover-type-none\"><img decoding=\"async\" width=\"1600\" height=\"1200\" title=\"GDS_2018 (29)\" src=\"https:\/\/granellodisenapecatania.it\/wp-content\/uploads\/2023\/09\/GDS_2018-29.jpg\" class=\"img-responsive wp-image-22\" srcset=\"https:\/\/granellodisenapecatania.it\/wp-content\/uploads\/2023\/09\/GDS_2018-29-200x150.jpg 200w, https:\/\/granellodisenapecatania.it\/wp-content\/uploads\/2023\/09\/GDS_2018-29-400x300.jpg 400w, https:\/\/granellodisenapecatania.it\/wp-content\/uploads\/2023\/09\/GDS_2018-29-600x450.jpg 600w, https:\/\/granellodisenapecatania.it\/wp-content\/uploads\/2023\/09\/GDS_2018-29-800x600.jpg 800w, https:\/\/granellodisenapecatania.it\/wp-content\/uploads\/2023\/09\/GDS_2018-29-1200x900.jpg 1200w, https:\/\/granellodisenapecatania.it\/wp-content\/uploads\/2023\/09\/GDS_2018-29.jpg 1600w\" sizes=\"(max-width: 640px) 100vw, 600px\" \/><\/span><\/div><\/div><\/div><\/div><style type=\"text\/css\">.fusion-body .fusion-builder-column-1{width:50% !important;margin-top : 0px;margin-bottom : 20px;}.fusion-builder-column-1 > .fusion-column-wrapper {padding-top : 0px !important;padding-right : 0px !important;margin-right : 3.84%;padding-bottom : 0px !important;padding-left : 0px !important;margin-left : 3.84%;}@media only screen and (max-width:1024px) {.fusion-body .fusion-builder-column-1{width:50% !important;order : 0;}.fusion-builder-column-1 > .fusion-column-wrapper {margin-right : 3.84%;margin-left : 3.84%;}}@media only screen and (max-width:640px) {.fusion-body .fusion-builder-column-1{width:100% !important;order : 0;}.fusion-builder-column-1 > .fusion-column-wrapper {margin-right : 1.92%;margin-left : 1.92%;}}<\/style><div class=\"fusion-layout-column fusion_builder_column fusion-builder-column-2 fusion_builder_column_1_2 1_2 fusion-flex-column\"><div class=\"fusion-column-wrapper fusion-flex-justify-content-flex-start fusion-content-layout-column\" style=\"background-position:left top;background-repeat:no-repeat;-webkit-background-size:cover;-moz-background-size:cover;-o-background-size:cover;background-size:cover;padding: 0px 0px 0px 0px;\"><div class=\"fusion-text fusion-text-1\" style=\"transform:translate3d(0,0,0);\"><p>Am 18. Aprile 2015 ereignete sich im Mittelmeer der gr\u00f6\u00dfte Seeunfall der Nachkriegszeit, bei dem ca. 1000 Menschen ihr Leben verloren. 676 K\u00f6rper konnten geborgen werden, zwei Drittel der Schiffbr\u00fcchigen waren junge M\u00e4nner im Alter zwischen 20 und 30 Jahren, ein Drittel Minderj\u00e4hrige im Alter von 15 bis 17 Jahren.<br \/>\nVor dem Hintergrund dieser Trag\u00f6die haben unsere Kirchen sich in die Pflicht gerufen gef\u00fchlt, ihren Einsatz Immigranten gegen\u00fcber zu verst\u00e4rken, und sie fanden heraus, dass genau die soeben vollj\u00e4hrig Gewordenen, die zuvor als minderj\u00e4hrige Fl\u00fcchtlinge ohne Begleitung angekommen waren, und allgemein junge Leute ohne Bezugspersonen zu der Gruppe geh\u00f6ren, die von den betreffenden Institutionen am wenigsten gesch\u00fctzt wird.<br \/>\nSchon zum damaligen Zeitpunkt mangelte es dem Aufnahmesystem an der geforderten Aufmerksamkeit gegen\u00fcber den psychologischen Notsituationen der traumatisierten Personen, an notwenigen Alphabetisierungskursen, an berufsbildenden Ma\u00dfnahmen, an der Begleitung und Hinf\u00fchrung zu einer aktiven Staatsb\u00fcrgerschaft.<br \/>\nDurch das Inkrafttreten des neuen Einwanderungsgesetzes werden die Gesamtbedingungen f\u00fcr die eingewanderten Personen immer prek\u00e4rer und die begonnenen Integrationswege werden nicht mehr unterst\u00fctzt. Beim Erreichen der Vollj\u00e4hrigkeit haben viele junge M\u00e4nner nicht mehr das Recht, in den von den Beh\u00f6rden f\u00fcr sie eingerichteten Strukturen zu verweilen und sie bleiben sich selbst \u00fcberlassen, ohne zuvor die Mittel erhalten zu haben, um alleine zurecht zu kommen.<br \/>\nAm Senfkornprojekt nehmen zwei protestantischen Kirchen teil, deren Gemeinden im Zentrum von Catania liegen:<\/p>\n<ul>\n<li>Evangelisch Christliche Gemeinde der Baptistenkirche Catania<\/li>\n<li>Evangelische Gemeinde der Waldenserkirche Catania<\/li>\n<\/ul>\n<\/div><\/div><\/div><style type=\"text\/css\">.fusion-body .fusion-builder-column-2{width:50% !important;margin-top : 0px;margin-bottom : 20px;}.fusion-builder-column-2 > .fusion-column-wrapper {padding-top : 0px !important;padding-right : 0px !important;margin-right : 3.84%;padding-bottom : 0px !important;padding-left : 0px !important;margin-left : 3.84%;}@media only screen and (max-width:1024px) {.fusion-body .fusion-builder-column-2{width:50% !important;order : 0;}.fusion-builder-column-2 > .fusion-column-wrapper {margin-right : 3.84%;margin-left : 3.84%;}}@media only screen and (max-width:640px) {.fusion-body .fusion-builder-column-2{width:100% !important;order : 0;}.fusion-builder-column-2 > .fusion-column-wrapper {margin-right : 1.92%;margin-left : 1.92%;}}<\/style><\/div><style type=\"text\/css\">.fusion-body .fusion-flex-container.fusion-builder-row-2{ padding-top : 2%;margin-top : 0px;padding-right : 0px;padding-bottom : 2%;margin-bottom : 0px;padding-left : 0px;}<\/style><\/div><\/p>\n","protected":false},"excerpt":{"rendered":"","protected":false},"author":1,"featured_media":0,"parent":0,"menu_order":0,"comment_status":"closed","ping_status":"closed","template":"100-width.php","meta":{"footnotes":""},"class_list":["post-307","page","type-page","status-publish","hentry"],"aioseo_notices":[],"_links":{"self":[{"href":"https:\/\/granellodisenapecatania.it\/de\/wp-json\/wp\/v2\/pages\/307","targetHints":{"allow":["GET"]}}],"collection":[{"href":"https:\/\/granellodisenapecatania.it\/de\/wp-json\/wp\/v2\/pages"}],"about":[{"href":"https:\/\/granellodisenapecatania.it\/de\/wp-json\/wp\/v2\/types\/page"}],"author":[{"embeddable":true,"href":"https:\/\/granellodisenapecatania.it\/de\/wp-json\/wp\/v2\/users\/1"}],"replies":[{"embeddable":true,"href":"https:\/\/granellodisenapecatania.it\/de\/wp-json\/wp\/v2\/comments?post=307"}],"version-history":[{"count":3,"href":"https:\/\/granellodisenapecatania.it\/de\/wp-json\/wp\/v2\/pages\/307\/revisions"}],"predecessor-version":[{"id":495,"href":"https:\/\/granellodisenapecatania.it\/de\/wp-json\/wp\/v2\/pages\/307\/revisions\/495"}],"wp:attachment":[{"href":"https:\/\/granellodisenapecatania.it\/de\/wp-json\/wp\/v2\/media?parent=307"}],"curies":[{"name":"wp","href":"https:\/\/api.w.org\/{rel}","templated":true}]}}